{"id":254986,"date":"2021-08-16T15:00:47","date_gmt":"2021-08-16T15:00:47","guid":{"rendered":"https:\/\/www.embfood.com\/?page_id=254986"},"modified":"2023-02-10T16:35:56","modified_gmt":"2023-02-10T15:35:56","slug":"embapp-es","status":"publish","type":"page","link":"https:\/\/www.embfood.com\/es\/embapp-es\/","title":{"rendered":"EMB APP"},"content":{"rendered":"<section class=\"wpb-content-wrapper\"><p>[vc_row full_width=\u00bbstretch_row_content\u00bb pix_particles_check=\u00bb\u00bb el_class=\u00bbtop-row\u00bb el_id=\u00bbtoptitle-row\u00bb][vc_column css=\u00bb.vc_custom_1626428892685{padding-right: 0px !important;padding-left: 0px !important;}\u00bb][vc_row_inner content_placement=\u00bbbottom\u00bb el_class=\u00bbtitle-row\u00bb][vc_column_inner][vc_column_text css=\u00bb.vc_custom_1631258888887{margin-bottom: 0px !important;}\u00bb el_class=\u00bbtitle-text\u00bb]<\/p>\n<div class=\"title-font\"><strong class=\"main-font\">EMB APP<\/strong><span class=\"sub-font\">Multifuncional \/ Moderna<\/span><\/div>\n<p>[\/vc_column_text][vc_column_text css=\u00bb.vc_custom_1631258871977{margin-bottom: 0px !important;}\u00bb]<\/p>\n<ul class=\"breadcrumb\">\n<li class=\"home\"><a href=\"https:\/\/www.embfood.com\/es\/\"><i class=\"fas fa-home\"><\/i> HOME<\/a><\/li>\n<li>EMB App<\/li>\n<\/ul>\n<p>[\/vc_column_text][\/vc_column_inner][\/vc_row_inner][vc_row_inner el_class=\u00bbbgimg-row\u00bb css=\u00bb.vc_custom_1655278708857{background-image: url(https:\/\/www.embfood.com\/wp-content\/uploads\/2022\/06\/embnapp-top-es.jpg?id=638617) !important;background-position: center !important;background-repeat: no-repeat !important;background-size: cover !important;}\u00bb][vc_column_inner css=\u00bb.vc_custom_1626428694471{padding-right: 0px !important;padding-left: 0px !important;}\u00bb][\/vc_column_inner][\/vc_row_inner][vc_row_inner el_class=\u00bbcontent-row\u00bb][vc_column_inner][vc_column_text el_class=\u00bbsubtitle\u00bb css=\u00bb.vc_custom_1676041906551{margin-bottom: 0px !important;}\u00bb]<\/p>\n<div class=\"whitecover\">\n<p class=\"subtitle-font\">M\u00e1s f\u00e1cil,<br \/>\nM\u00e1s r\u00e1pido, M\u00e1s pr\u00e1ctico<\/p>\n<p class=\"m-subtitle-font\">M\u00e1s f\u00e1cil,<br \/>\nM\u00e1s r\u00e1pido, M\u00e1s pr\u00e1ctico<\/p>\n<\/div>\n<p>[\/vc_column_text][\/vc_column_inner][\/vc_row_inner][\/vc_column][\/vc_row][vc_row full_width=\u00bbstretch_row_content\u00bb pix_particles_check=\u00bb\u00bb el_id=\u00bbapp-img-row\u00bb][vc_column][vc_single_image image=\u00bb660810&#8243; img_size=\u00bbfull\u00bb alignment=\u00bbcenter\u00bb][vc_row_inner el_class=\u00bbapp-info\u00bb][vc_column_inner width=\u00bb1\/4&#8243;][vc_column_text el_class=\u00bbinfo-cont\u00bb]<\/p>\n<div><span class=\"title-font\">INICIO<\/span><br \/>\nDescubre nuestras categor\u00edas especiales, con nuevos productos, \u00e1rea de restaurantes y descuentos diarios.<\/div>\n<p>[\/vc_column_text][\/vc_column_inner][vc_column_inner width=\u00bb1\/4&#8243;][vc_column_text el_class=\u00bbinfo-cont\u00bb]<\/p>\n<div><span class=\"title-font\">CATEGORIA<\/span><br \/>\nEncuentra los productos que buscas r\u00e1pidamente gracias a nuestra selecci\u00f3n por\u00a0 categor\u00edas.<\/div>\n<p>[\/vc_column_text][\/vc_column_inner][vc_column_inner width=\u00bb1\/4&#8243;][vc_column_text el_class=\u00bbinfo-cont\u00bb]<span class=\"title-font\">PEDIDOS<\/span><br \/>\nAccede en cualquier momento a tu historial de pedidos.[\/vc_column_text][\/vc_column_inner][vc_column_inner width=\u00bb1\/4&#8243;][vc_column_text el_class=\u00bbinfo-cont\u00bb]<\/p>\n<div><span class=\"title-font\">ATENCI\u00d3N AL CLIENTE<\/span><br \/>\nPuedes contactar con nosotros de manesa r\u00e1pida y sencilla.<\/div>\n<p>&nbsp;[\/vc_column_text][\/vc_column_inner][\/vc_row_inner][vc_raw_html]JTNDZGl2JTIwY2xhc3MlM0QlMjJwYW5lbCUyMiUzRSUwQSUzQ2ElMjBocmVmJTNEJTIyaHR0cHMlM0ElMkYlMkZhcHBzLmFwcGxlLmNvbSUyRmVzJTJGYXBwJTJGMTYwNDU3NzQzMSUyMiUzRSUzQ2ltZyUyMGNsYXNzJTNEJTIyYXBwc3RvcmVsb2dvJTIyJTIwc3JjJTNEJTIyJTJGd3AtY29udGVudCUyRnVwbG9hZHMlMkYyMDIwJTJGMDklMkZhcHBzdG9yZWxvZ28ucG5nJTIyJTIwYWx0JTNEJTIyJTIyJTNFJTNDJTJGYSUzRSUwQSUzQ2ElMjBocmVmJTNEJTIyaHR0cHMlM0ElMkYlMkZwbGF5Lmdvb2dsZS5jb20lMkZzdG9yZSUyRmFwcHMlMkZkZXRhaWxzJTNGaWQlM0Rlcy5hcHAxLkVNQiUyMiUzRSUzQ2ltZyUyMGNsYXNzJTNEJTIyZ29vZ2xlcGxheWxvZ28lMjIlMjBzcmMlM0QlMjIlMkZ3cC1jb250ZW50JTJGdXBsb2FkcyUyRjIwMjAlMkYwOSUyRmdvb2dsZXBsYXlsb2dvLnBuZyUyMiUyMGFsdCUzRCUyMiUyMiUzRSUzQyUyRmElM0UlMEElM0MlMkZkaXYlM0U=[\/vc_raw_html][\/vc_column][\/vc_row]<\/p>\n<\/section>","protected":false},"excerpt":{"rendered":"[vc_row full_width=\u00bbstretch_row_content\u00bb pix_particles_check=\u00bb\u00bb el_class=\u00bbtop-row\u00bb el_id=\u00bbtoptitle-row\u00bb][vc_column css=\u00bb.vc_custom_1626428892685{padding-right: 0px !important;padding-left: 0px !important;}\u00bb][vc_row_inner content_placement=\u00bbbottom\u00bb el_class=\u00bbtitle-row\u00bb][vc_column_inner][vc_column_text css=\u00bb.vc_custom_1631258888887{margin-bottom: 0px !important;}\u00bb el_class=\u00bbtitle-text\u00bb] EMB APPMultifuncional \/ Moderna [\/vc_column_text][vc_column_text css=\u00bb.vc_custom_1631258871977{margin-bottom: 0px !important;}\u00bb] HOME EMB App [\/vc_column_text][\/vc_column_inner][\/vc_row_inner][vc_row_inner el_class=\u00bbbgimg-row\u00bb css=\u00bb.vc_custom_1655278708857{background-image: url(https:\/\/www.embfood.com\/wp-content\/uploads\/2022\/06\/embnapp-top-es.jpg?id=638617) !important;background-position: center !important;background-repeat: no-repeat !important;background-size: cover !important;}\u00bb][vc_column_inner css=\u00bb.vc_custom_1626428694471{padding-right: 0px&#8230;","protected":false},"author":2,"featured_media":0,"parent":0,"menu_order":0,"comment_status":"closed","ping_status":"closed","template":"","meta":{"footnotes":""},"class_list":["post-254986","page","type-page","status-publish","hentry"],"yoast_head":"<!-- This site is optimized with the Yoast SEO plugin v19.13 - https:\/\/yoast.com\/wordpress\/plugins\/seo\/ -->\n<title>EMBFood App\uff5cEMB FOOD<\/title>\n<meta name=\"description\" content=\"M\u00e1s simple, M\u00e1s conveniente, M\u00e1s r\u00e1pido, M\u00e1s pl\u00e1ctico\" \/>\n<meta name=\"robots\" content=\"index, follow, max-snippet:-1, max-image-preview:large, max-video-preview:-1\" \/>\n<link rel=\"canonical\" href=\"https:\/\/www.embfood.com\/es\/embapp-es\/\" \/>\n<meta property=\"og:locale\" content=\"es_ES\" \/>\n<meta property=\"og:type\" content=\"article\" \/>\n<meta property=\"og:title\" content=\"EMBFood App\uff5cEMB FOOD\" \/>\n<meta property=\"og:description\" content=\"M\u00e1s simple, M\u00e1s conveniente, M\u00e1s r\u00e1pido, M\u00e1s pl\u00e1ctico\" \/>\n<meta property=\"og:url\" content=\"https:\/\/www.embfood.com\/es\/embapp-es\/\" \/>\n<meta property=\"og:site_name\" content=\"EMB FOOD\" \/>\n<meta property=\"article:publisher\" content=\"https:\/\/www.facebook.com\/pages\/category\/Food-Wholesaler\/Emb-Food-113598037061411\/\" \/>\n<meta property=\"article:modified_time\" content=\"2023-02-10T15:35:56+00:00\" \/>\n<meta name=\"twitter:card\" content=\"summary_large_image\" \/>\n<meta name=\"twitter:site\" content=\"@emb_food\" \/>\n<meta name=\"twitter:label1\" content=\"Tiempo de lectura\" \/>\n\t<meta name=\"twitter:data1\" content=\"1 minuto\" \/>\n<script type=\"application\/ld+json\" class=\"yoast-schema-graph\">{\"@context\":\"https:\/\/schema.org\",\"@graph\":[{\"@type\":\"WebPage\",\"@id\":\"https:\/\/www.embfood.com\/es\/embapp-es\/\",\"url\":\"https:\/\/www.embfood.com\/es\/embapp-es\/\",\"name\":\"EMBFood App\uff5cEMB FOOD\",\"isPartOf\":{\"@id\":\"https:\/\/www.embfood.com\/?lang=es\/#website\"},\"datePublished\":\"2021-08-16T15:00:47+00:00\",\"dateModified\":\"2023-02-10T15:35:56+00:00\",\"description\":\"M\u00e1s simple, M\u00e1s conveniente, M\u00e1s r\u00e1pido, M\u00e1s pl\u00e1ctico\",\"breadcrumb\":{\"@id\":\"https:\/\/www.embfood.com\/es\/embapp-es\/#breadcrumb\"},\"inLanguage\":\"es\",\"potentialAction\":[{\"@type\":\"ReadAction\",\"target\":[\"https:\/\/www.embfood.com\/es\/embapp-es\/\"]}]},{\"@type\":\"BreadcrumbList\",\"@id\":\"https:\/\/www.embfood.com\/es\/embapp-es\/#breadcrumb\",\"itemListElement\":[{\"@type\":\"ListItem\",\"position\":1,\"name\":\"\u9996\u9875\",\"item\":\"https:\/\/www.embfood.com\/es\/\"},{\"@type\":\"ListItem\",\"position\":2,\"name\":\"EMB APP\"}]},{\"@type\":\"WebSite\",\"@id\":\"https:\/\/www.embfood.com\/?lang=es\/#website\",\"url\":\"https:\/\/www.embfood.com\/?lang=es\/\",\"name\":\"EMB FOOD\",\"description\":\"\u98df\u54c1\u80a1\u4efd\u6709\u9650\u516c\u53f8\",\"publisher\":{\"@id\":\"https:\/\/www.embfood.com\/?lang=es\/#organization\"},\"potentialAction\":[{\"@type\":\"SearchAction\",\"target\":{\"@type\":\"EntryPoint\",\"urlTemplate\":\"https:\/\/www.embfood.com\/?lang=es\/?s={search_term_string}\"},\"query-input\":\"required name=search_term_string\"}],\"inLanguage\":\"es\"},{\"@type\":\"Organization\",\"@id\":\"https:\/\/www.embfood.com\/?lang=es\/#organization\",\"name\":\"EMB FOOD S.L.\",\"url\":\"https:\/\/www.embfood.com\/?lang=es\/\",\"logo\":{\"@type\":\"ImageObject\",\"inLanguage\":\"es\",\"@id\":\"https:\/\/www.embfood.com\/?lang=es\/#\/schema\/logo\/image\/\",\"url\":\"\",\"contentUrl\":\"\",\"caption\":\"EMB FOOD S.L.\"},\"image\":{\"@id\":\"https:\/\/www.embfood.com\/?lang=es\/#\/schema\/logo\/image\/\"},\"sameAs\":[\"https:\/\/www.facebook.com\/pages\/category\/Food-Wholesaler\/Emb-Food-113598037061411\/\",\"https:\/\/twitter.com\/emb_food\"]}]}<\/script>\n<!-- \/ Yoast SEO plugin. -->","yoast_head_json":{"title":"EMBFood App\uff5cEMB FOOD","description":"M\u00e1s simple, M\u00e1s conveniente, M\u00e1s r\u00e1pido, M\u00e1s pl\u00e1ctico","robots":{"index":"index","follow":"follow","max-snippet":"max-snippet:-1","max-image-preview":"max-image-preview:large","max-video-preview":"max-video-preview:-1"},"canonical":"https:\/\/www.embfood.com\/es\/embapp-es\/","og_locale":"es_ES","og_type":"article","og_title":"EMBFood App\uff5cEMB FOOD","og_description":"M\u00e1s simple, M\u00e1s conveniente, M\u00e1s r\u00e1pido, M\u00e1s pl\u00e1ctico","og_url":"https:\/\/www.embfood.com\/es\/embapp-es\/","og_site_name":"EMB FOOD","article_publisher":"https:\/\/www.facebook.com\/pages\/category\/Food-Wholesaler\/Emb-Food-113598037061411\/","article_modified_time":"2023-02-10T15:35:56+00:00","twitter_card":"summary_large_image","twitter_site":"@emb_food","twitter_misc":{"Tiempo de lectura":"1 minuto"},"schema":{"@context":"https:\/\/schema.org","@graph":[{"@type":"WebPage","@id":"https:\/\/www.embfood.com\/es\/embapp-es\/","url":"https:\/\/www.embfood.com\/es\/embapp-es\/","name":"EMBFood App\uff5cEMB FOOD","isPartOf":{"@id":"https:\/\/www.embfood.com\/?lang=es\/#website"},"datePublished":"2021-08-16T15:00:47+00:00","dateModified":"2023-02-10T15:35:56+00:00","description":"M\u00e1s simple, M\u00e1s conveniente, M\u00e1s r\u00e1pido, M\u00e1s pl\u00e1ctico","breadcrumb":{"@id":"https:\/\/www.embfood.com\/es\/embapp-es\/#breadcrumb"},"inLanguage":"es","potentialAction":[{"@type":"ReadAction","target":["https:\/\/www.embfood.com\/es\/embapp-es\/"]}]},{"@type":"BreadcrumbList","@id":"https:\/\/www.embfood.com\/es\/embapp-es\/#breadcrumb","itemListElement":[{"@type":"ListItem","position":1,"name":"\u9996\u9875","item":"https:\/\/www.embfood.com\/es\/"},{"@type":"ListItem","position":2,"name":"EMB APP"}]},{"@type":"WebSite","@id":"https:\/\/www.embfood.com\/?lang=es\/#website","url":"https:\/\/www.embfood.com\/?lang=es\/","name":"EMB FOOD","description":"\u98df\u54c1\u80a1\u4efd\u6709\u9650\u516c\u53f8","publisher":{"@id":"https:\/\/www.embfood.com\/?lang=es\/#organization"},"potentialAction":[{"@type":"SearchAction","target":{"@type":"EntryPoint","urlTemplate":"https:\/\/www.embfood.com\/?lang=es\/?s={search_term_string}"},"query-input":"required name=search_term_string"}],"inLanguage":"es"},{"@type":"Organization","@id":"https:\/\/www.embfood.com\/?lang=es\/#organization","name":"EMB FOOD S.L.","url":"https:\/\/www.embfood.com\/?lang=es\/","logo":{"@type":"ImageObject","inLanguage":"es","@id":"https:\/\/www.embfood.com\/?lang=es\/#\/schema\/logo\/image\/","url":"","contentUrl":"","caption":"EMB FOOD S.L."},"image":{"@id":"https:\/\/www.embfood.com\/?lang=es\/#\/schema\/logo\/image\/"},"sameAs":["https:\/\/www.facebook.com\/pages\/category\/Food-Wholesaler\/Emb-Food-113598037061411\/","https:\/\/twitter.com\/emb_food"]}]}},"_links":{"self":[{"href":"https:\/\/www.embfood.com\/es\/wp-json\/wp\/v2\/pages\/254986","targetHints":{"allow":["GET"]}}],"collection":[{"href":"https:\/\/www.embfood.com\/es\/wp-json\/wp\/v2\/pages"}],"about":[{"href":"https:\/\/www.embfood.com\/es\/wp-json\/wp\/v2\/types\/page"}],"author":[{"embeddable":true,"href":"https:\/\/www.embfood.com\/es\/wp-json\/wp\/v2\/users\/2"}],"replies":[{"embeddable":true,"href":"https:\/\/www.embfood.com\/es\/wp-json\/wp\/v2\/comments?post=254986"}],"version-history":[{"count":16,"href":"https:\/\/www.embfood.com\/es\/wp-json\/wp\/v2\/pages\/254986\/revisions"}],"predecessor-version":[{"id":966213,"href":"https:\/\/www.embfood.com\/es\/wp-json\/wp\/v2\/pages\/254986\/revisions\/966213"}],"wp:attachment":[{"href":"https:\/\/www.embfood.com\/es\/wp-json\/wp\/v2\/media?parent=254986"}],"curies":[{"name":"wp","href":"https:\/\/api.w.org\/{rel}","templated":true}]}}